{"id":12874,"date":"2022-08-17T11:52:33","date_gmt":"2022-08-17T16:52:33","guid":{"rendered":"https:\/\/ivector.xyz\/public\/login\/"},"modified":"2026-04-12T23:48:26","modified_gmt":"2026-04-13T05:48:26","slug":"login","status":"publish","type":"page","link":"https:\/\/ivector.xyz\/vectores\/login\/","title":{"rendered":"ACCEDER"},"content":{"rendered":"\n\t<div class=\"pmpro\">\n\t\t<section id=\"pmpro_login\" class=\"pmpro_section\">\n\t\t\t\t\t\t\t\t\t\t<div class=\"pmpro_card pmpro_login_wrap\">\n\t\t\t\t\t\t\t\t<h2 class=\"pmpro_card_title pmpro_font-large\">Acceder<\/h2>\t\t\t\t\t\t\t\t<div class=\"pmpro_card_content\">\n\t\t\t\t\t\t\t\t\t<form name=\"loginform\" id=\"loginform\" action=\"https:\/\/ivector.xyz\/vectores\/wp-login.php\" method=\"post\"><div class=\"googlesitekit-sign-in-with-google__frontend-output-button\"><\/div><input type=\"hidden\" name=\"pmpro_login_form_used\" value=\"1\" \/><p class=\"login-username\">\n\t\t\t\t<label for=\"user_login\">Nombre de usuario o correo electr\u00f3nico<\/label>\n\t\t\t\t<input type=\"text\" name=\"log\" id=\"user_login\" autocomplete=\"username\" class=\"input\" value=\"\" size=\"20\" \/>\n\t\t\t<\/p><p class=\"login-password\">\n\t\t\t\t<label for=\"user_pass\">Contrase\u00f1a<\/label>\n\t\t\t\t<input type=\"password\" name=\"pwd\" id=\"user_pass\" autocomplete=\"current-password\" spellcheck=\"false\" class=\"input\" value=\"\" size=\"20\" \/>\n\t\t\t<\/p><p class=\"login-remember\"><label><input name=\"rememberme\" type=\"checkbox\" id=\"rememberme\" value=\"forever\" \/> Recu\u00e9rdame<\/label><\/p><p class=\"login-submit\">\n\t\t\t\t<input type=\"submit\" name=\"wp-submit\" id=\"wp-submit\" class=\"button button-primary\" value=\"Acceder\" \/>\n\t\t\t\t<input type=\"hidden\" name=\"redirect_to\" value=\"\" \/>\n\t\t\t<\/p><p class=\"login-forget-password\"><a href=\"https:\/\/ivector.xyz\/vectores\/lost-password\/\">Forget Password<\/a><\/p><\/form>\t<div class=\"pmpro_form_field-password-toggle\">\n\t\t<button type=\"button\" id=\"pmpro_btn-password-toggle-1\" class=\"pmpro_btn pmpro_btn-plain hide-if-no-js\" data-toggle=\"0\">\n\t\t\t<span class=\"pmpro_icon pmpro_icon-eye\" aria-hidden=\"true\"><svg xmlns=\"http:\/\/www.w3.org\/2000\/svg\" width=\"20\" height=\"20\" viewBox=\"0 0 24 24\" fill=\"none\" stroke=\"var(--pmpro--color--accent)\" stroke-width=\"2\" stroke-linecap=\"round\" stroke-linejoin=\"round\" class=\"feather feather-eye\"><path d=\"M1 12s4-8 11-8 11 8 11 8-4 8-11 8-11-8-11-8z\"><\/path><circle cx=\"12\" cy=\"12\" r=\"3\"><\/circle><\/svg><\/span>\n\t\t\t<span class=\"pmpro_form_field-password-toggle-state\">Mostrar contrase\u00f1a<\/span>\n\t\t<\/button>\n\t<\/div>\n\t<script data-jetpack-boost=\"ignore\">\n\t\t\/\/ Password visibility toggle (wp_login_form instance).\n\t\t(function() {\n\t\t\tconst toggleButton = document.querySelectorAll('#pmpro_btn-password-toggle-1')[0];\n\t\t\tconst toggleWrapper = toggleButton.closest('.pmpro_form_field-password-toggle');\n\t\t\tconst loginForm = toggleWrapper.previousElementSibling;\n\t\t\tconst passwordParagraph = loginForm.querySelector('.login-password');\n\t\t\tconst passwordInput = loginForm.querySelector('#user_pass');\n\n\t\t\tpasswordParagraph.appendChild(toggleWrapper);\n\t\t\ttoggleButton.classList.remove('hide-if-no-js');\n\t\t\ttoggleButton.addEventListener('click', togglePassword);\n\n\t\t\tfunction togglePassword() {\n\t\t\t\tconst status = this.getAttribute('data-toggle');\n\t\t\t\tconst passwordInputs = document.querySelectorAll('#user_pass');\n\t\t\t\tconst icon = this.getElementsByClassName('pmpro_icon')[0];\n\t\t\t\tconst state = this.getElementsByClassName('pmpro_form_field-password-toggle-state')[0];\n\n\t\t\t\tif (parseInt(status, 10) === 0) {\n\t\t\t\t\tthis.setAttribute('data-toggle', 1);\n\t\t\t\t\tpasswordInput.setAttribute( 'type', 'text' );\n\t\t\t\t\ticon.innerHTML = `\n\t\t\t\t\t\t<svg xmlns=\"http:\/\/www.w3.org\/2000\/svg\" width=\"20\" height=\"20\" viewBox=\"0 0 24 24\" fill=\"none\" stroke=\"var(--pmpro--color--accent)\" stroke-width=\"2\" stroke-linecap=\"round\" stroke-linejoin=\"round\" class=\"feather feather-eye-off\">\n\t\t\t\t\t\t\t<path d=\"M17.94 17.94A10.07 10.07 0 0 1 12 20c-7 0-11-8-11-8a18.45 18.45 0 0 1 5.06-5.94M9.9 4.24A9.12 9.12 0 0 1 12 4c7 0 11 8 11 8a18.5 18.5 0 0 1-2.16 3.19m-6.72-1.07a3 3 0 1 1-4.24-4.24\"><\/path>\n\t\t\t\t\t\t\t<line x1=\"1\" y1=\"1\" x2=\"23\" y2=\"23\"><\/line>\n\t\t\t\t\t\t<\/svg>`;\n\t\t\t\t\tstate.textContent = 'Ocultar contrase\u00f1a';\n\t\t\t\t} else {\n\t\t\t\t\tthis.setAttribute('data-toggle', 0);\n\t\t\t\t\tpasswordInput.setAttribute( 'type', 'password' );\n\t\t\t\t\ticon.innerHTML = `\n\t\t\t\t\t\t<svg xmlns=\"http:\/\/www.w3.org\/2000\/svg\" width=\"20\" height=\"20\" viewBox=\"0 0 24 24\" fill=\"none\" stroke=\"var(--pmpro--color--accent)\" stroke-width=\"2\" stroke-linecap=\"round\" stroke-linejoin=\"round\" class=\"feather feather-eye\">\n\t\t\t\t\t\t\t<path d=\"M1 12s4-8 11-8 11 8 11 8-4 8-11 8-11-8-11-8z\"><\/path>\n\t\t\t\t\t\t\t<circle cx=\"12\" cy=\"12\" r=\"3\"><\/circle>\n\t\t\t\t\t\t<\/svg>`;\n\t\t\t\t\tstate.textContent = 'Mostrar contrase\u00f1a';\n\t\t\t\t}\n\t\t\t}\n\t\t})();\n\t<\/script>\n\t\t\t\t\t\t\t\t\t<\/div> <!-- end pmpro_card_content -->\n\t\t\t\t\t\t\t\t<div class=\"pmpro_card_actions\">\n\t\t\t\t\t\t\t\t\t\t<div class=\"pmpro_actions_nav\">\n\t\t<a href=\"https:\/\/ivector.xyz\/vectores\/niveles-de-membresia\/\">\u00danete ahora<\/a> | <a href=\"https:\/\/ivector.xyz\/vectores\/login\/?action=reset_pass\">\u00bfHas perdido tu contrase\u00f1a?<\/a>\t<\/div> <!-- end pmpro_actions_nav -->\n\t\t\t\t\t\t\t\t\t<\/div> <!-- end pmpro_card_actions -->\n\t\t\t\t\t\t\t<\/div> <!-- end pmpro_login_wrap -->\n\t\t\t\t\t\t\t\n\t\t\t\t\t\t\t\t\t<\/section> <!-- end pmpro_login -->\n\t<\/div> <!-- end pmpro -->\n\t\n\n\n\n<!--more-->\n\n\n<div  class=\"ultp-post-grid-block wp-block-ultimate-post-post-grid-2 ultp-block-89348a\"><div class=\"ultp-block-wrapper\"><div class=\"ultp-loading\"><div class=\"ultp-loading-blocks\" style=\"width:100%;height:100%;\"><div style=\"left: 0;top: 0;animation-delay:0s;\"><\/div><div style=\"left: 21px;top: 0;animation-delay:0.125s;\"><\/div><div style=\"left: 42px;top: 0;animation-delay:0.25s;\"><\/div><div style=\"left: 0;top: 21px;animation-delay:0.875s;\"><\/div><div style=\"left: 42px;top: 21px;animation-delay:0.375s;\"><\/div><div style=\"left: 0;top: 42px;animation-delay:0.75s;\"><\/div><div style=\"left: 42px;top: 42px;animation-delay:0.625s;\"><\/div><div style=\"left: 21px;top: 42px;animation-delay:0.5s;\"><\/div><\/div><\/div><div class=\"ultp-block-items-wrap ultp-block-row\"><div class=\"ultp-block-item post-id-39024\"><div class=\"ultp-block-content-wrap ultp-block-content-overlay\"><div class=\"ultp-block-image ultp-block-image-zoomOut ultp-block-image-overlay ultp-block-image-flat\"><a href=\"https:\/\/ivector.xyz\/vectores\/wishlist\/\" ><img data-recalc-dims=\"1\"  title=\"\" decoding=\"async\"  src=\"https:\/\/i0.wp.com\/ivector.xyz\/vectores\/wp-content\/plugins\/ultimate-post\/assets\/img\/ultp-fallback-img.png?w=640&#038;ssl=1\"  alt=\"ultp-fallback-img ACCEDER\"  \/><\/a><\/div><div class=\"ultp-block-content ultp-block-content-bottomPosition\"><div class=\"ultp-block-content-inner\"><div class=\"ultp-category-grid ultp-category-classic ultp-category-aboveTitle\"><div class=\"ultp-category-in\"><\/div><\/div><h3 class=\"ultp-block-title \"><a href=\"https:\/\/ivector.xyz\/vectores\/wishlist\/\" >Wishlist<\/a><\/h3><\/div><\/div><\/div><\/div><div class=\"ultp-block-item post-id-39023\"><div class=\"ultp-block-content-wrap ultp-block-content-overlay\"><div class=\"ultp-block-image ultp-block-image-zoomOut ultp-block-image-overlay ultp-block-image-flat\"><a href=\"https:\/\/ivector.xyz\/vectores\/compare\/\" ><img data-recalc-dims=\"1\"  title=\"\" decoding=\"async\"  src=\"https:\/\/i0.wp.com\/ivector.xyz\/vectores\/wp-content\/plugins\/ultimate-post\/assets\/img\/ultp-fallback-img.png?w=640&#038;ssl=1\"  alt=\"ultp-fallback-img ACCEDER\"  \/><\/a><\/div><div class=\"ultp-block-content ultp-block-content-bottomPosition\"><div class=\"ultp-block-content-inner\"><div class=\"ultp-category-grid ultp-category-classic ultp-category-aboveTitle\"><div class=\"ultp-category-in\"><\/div><\/div><h3 class=\"ultp-block-title \"><a href=\"https:\/\/ivector.xyz\/vectores\/compare\/\" >Compare<\/a><\/h3><\/div><\/div><\/div><\/div><div class=\"ultp-block-item post-id-39022\"><div class=\"ultp-block-content-wrap ultp-block-content-overlay\"><div class=\"ultp-block-image ultp-block-image-zoomOut ultp-block-image-overlay ultp-block-image-flat\"><a href=\"https:\/\/ivector.xyz\/vectores\/blog\/\" ><img data-recalc-dims=\"1\"  title=\"\" decoding=\"async\"  src=\"https:\/\/i0.wp.com\/ivector.xyz\/vectores\/wp-content\/plugins\/ultimate-post\/assets\/img\/ultp-fallback-img.png?w=640&#038;ssl=1\"  alt=\"ultp-fallback-img ACCEDER\"  \/><\/a><\/div><div class=\"ultp-block-content ultp-block-content-bottomPosition\"><div class=\"ultp-block-content-inner\"><div class=\"ultp-category-grid ultp-category-classic ultp-category-aboveTitle\"><div class=\"ultp-category-in\"><\/div><\/div><h3 class=\"ultp-block-title \"><a href=\"https:\/\/ivector.xyz\/vectores\/blog\/\" >Blog<\/a><\/h3><\/div><\/div><\/div><\/div><div class=\"ultp-block-item post-id-39021\"><div class=\"ultp-block-content-wrap ultp-block-content-overlay\"><div class=\"ultp-block-image ultp-block-image-zoomOut ultp-block-image-overlay ultp-block-image-flat\"><a href=\"https:\/\/ivector.xyz\/vectores\/home-2\/\" ><img data-recalc-dims=\"1\"  title=\"\" decoding=\"async\"  src=\"https:\/\/i0.wp.com\/ivector.xyz\/vectores\/wp-content\/plugins\/ultimate-post\/assets\/img\/ultp-fallback-img.png?w=640&#038;ssl=1\"  alt=\"ultp-fallback-img ACCEDER\"  \/><\/a><\/div><div class=\"ultp-block-content ultp-block-content-bottomPosition\"><div class=\"ultp-block-content-inner\"><div class=\"ultp-category-grid ultp-category-classic ultp-category-aboveTitle\"><div class=\"ultp-category-in\"><\/div><\/div><h3 class=\"ultp-block-title \"><a href=\"https:\/\/ivector.xyz\/vectores\/home-2\/\" >Home<\/a><\/h3><\/div><\/div><\/div><\/div><div class=\"ultp-block-item post-id-37302\"><div class=\"ultp-block-content-wrap ultp-block-content-overlay\"><div class=\"ultp-block-image ultp-block-image-zoomOut ultp-block-image-overlay ultp-block-image-flat\"><a href=\"https:\/\/ivector.xyz\/vectores\/disenos-dtf\/\" ><img data-recalc-dims=\"1\"  title=\"\" decoding=\"async\"  src=\"https:\/\/i0.wp.com\/ivector.xyz\/vectores\/wp-content\/plugins\/ultimate-post\/assets\/img\/ultp-fallback-img.png?w=640&#038;ssl=1\"  alt=\"ultp-fallback-img ACCEDER\"  \/><\/a><\/div><div class=\"ultp-block-content ultp-block-content-bottomPosition\"><div class=\"ultp-block-content-inner\"><div class=\"ultp-category-grid ultp-category-classic ultp-category-aboveTitle\"><div class=\"ultp-category-in\"><\/div><\/div><h3 class=\"ultp-block-title \"><a href=\"https:\/\/ivector.xyz\/vectores\/disenos-dtf\/\" >Dise\u00f1os DTF<\/a><\/h3><\/div><\/div><\/div><\/div><div class=\"ultp-block-item post-id-34181\"><div class=\"ultp-block-content-wrap ultp-block-content-overlay\"><div class=\"ultp-block-image ultp-block-image-zoomOut ultp-block-image-overlay ultp-block-image-flat\"><a href=\"https:\/\/ivector.xyz\/vectores\/sin-acceso\/\" ><img data-recalc-dims=\"1\"  title=\"\" decoding=\"async\"  src=\"https:\/\/i0.wp.com\/ivector.xyz\/vectores\/wp-content\/plugins\/ultimate-post\/assets\/img\/ultp-fallback-img.png?w=640&#038;ssl=1\"  alt=\"ultp-fallback-img ACCEDER\"  \/><\/a><\/div><div class=\"ultp-block-content ultp-block-content-bottomPosition\"><div class=\"ultp-block-content-inner\"><div class=\"ultp-category-grid ultp-category-classic ultp-category-aboveTitle\"><div class=\"ultp-category-in\"><\/div><\/div><h3 class=\"ultp-block-title \"><a href=\"https:\/\/ivector.xyz\/vectores\/sin-acceso\/\" >Sin acceso<\/a><\/h3><\/div><\/div><\/div><\/div><div class=\"ultp-block-item post-id-32671\"><div class=\"ultp-block-content-wrap ultp-block-content-overlay\"><div class=\"ultp-block-image ultp-block-image-zoomOut ultp-block-image-overlay ultp-block-image-flat\"><a href=\"https:\/\/ivector.xyz\/vectores\/principal\/\" ><img data-recalc-dims=\"1\"  title=\"\" decoding=\"async\"  src=\"https:\/\/i0.wp.com\/ivector.xyz\/vectores\/wp-content\/plugins\/ultimate-post\/assets\/img\/ultp-fallback-img.png?w=640&#038;ssl=1\"  alt=\"ultp-fallback-img ACCEDER\"  \/><\/a><\/div><div class=\"ultp-block-content ultp-block-content-bottomPosition\"><div class=\"ultp-block-content-inner\"><div class=\"ultp-category-grid ultp-category-classic ultp-category-aboveTitle\"><div class=\"ultp-category-in\"><\/div><\/div><h3 class=\"ultp-block-title \"><a href=\"https:\/\/ivector.xyz\/vectores\/principal\/\" >Ivector &#8211; Recursos Ilimitados DTF<\/a><\/h3><\/div><\/div><\/div><\/div><div class=\"ultp-block-item post-id-31564\"><div class=\"ultp-block-content-wrap ultp-block-content-overlay\"><div class=\"ultp-block-image ultp-block-image-zoomOut ultp-block-image-overlay ultp-block-image-flat\"><a href=\"https:\/\/ivector.xyz\/vectores\/ivector-principal\/\" ><img data-recalc-dims=\"1\"  title=\"\" decoding=\"async\"  src=\"https:\/\/i0.wp.com\/ivector.xyz\/vectores\/wp-content\/plugins\/ultimate-post\/assets\/img\/ultp-fallback-img.png?w=640&#038;ssl=1\"  alt=\"ultp-fallback-img ACCEDER\"  \/><\/a><\/div><div class=\"ultp-block-content ultp-block-content-bottomPosition\"><div class=\"ultp-block-content-inner\"><div class=\"ultp-category-grid ultp-category-classic ultp-category-aboveTitle\"><div class=\"ultp-category-in\"><\/div><\/div><h3 class=\"ultp-block-title \"><a href=\"https:\/\/ivector.xyz\/vectores\/ivector-principal\/\" >Vectores completamente editables<\/a><\/h3><\/div><\/div><\/div><\/div><\/div><\/div><div class=\"pagination-block-html\" aria-hidden=\"true\" style=\"display: none;\"><\/div><\/div>","protected":false},"excerpt":{"rendered":"","protected":false},"author":1,"featured_media":0,"parent":0,"menu_order":0,"comment_status":"closed","ping_status":"closed","template":"","meta":{"pmpro_default_level":"","jetpack_post_was_ever_published":false,"footnotes":""},"class_list":["post-12874","page","type-page","status-publish","hentry","pmpro-has-access"],"yoast_head":"<!-- This site is optimized with the Yoast SEO plugin v27.4 - https:\/\/yoast.com\/product\/yoast-seo-wordpress\/ -->\n<title>ACCEDER - Ivector Plantillas<\/title>\n<meta name=\"robots\" content=\"index, follow, max-snippet:-1, max-image-preview:large, max-video-preview:-1\" \/>\n<link rel=\"canonical\" href=\"https:\/\/ivector.xyz\/vectores\/login\/\" \/>\n<meta property=\"og:locale\" content=\"es_ES\" \/>\n<meta property=\"og:type\" content=\"article\" \/>\n<meta property=\"og:title\" content=\"ACCEDER - Ivector Plantillas\" \/>\n<meta property=\"og:url\" content=\"https:\/\/ivector.xyz\/vectores\/login\/\" \/>\n<meta property=\"og:site_name\" content=\"Ivector Plantillas\" \/>\n<meta property=\"article:publisher\" content=\"https:\/\/www.facebook.com\/Ivector.online\" \/>\n<meta property=\"article:modified_time\" content=\"2026-04-13T05:48:26+00:00\" \/>\n<meta property=\"og:image\" content=\"https:\/\/i0.wp.com\/ivector.xyz\/vectores\/wp-content\/uploads\/logo-ivector-01.png?fit=1181%2C1181&ssl=1\" \/>\n\t<meta property=\"og:image:width\" content=\"1181\" \/>\n\t<meta property=\"og:image:height\" content=\"1181\" \/>\n\t<meta property=\"og:image:type\" content=\"image\/png\" \/>\n<meta name=\"twitter:card\" content=\"summary_large_image\" \/>\n<meta name=\"twitter:label1\" content=\"Tiempo de lectura\" \/>\n\t<meta name=\"twitter:data1\" content=\"1 minuto\" \/>\n<script type=\"application\/ld+json\" class=\"yoast-schema-graph\">{\"@context\":\"https:\\\/\\\/schema.org\",\"@graph\":[{\"@type\":\"WebPage\",\"@id\":\"https:\\\/\\\/ivector.xyz\\\/vectores\\\/login\\\/\",\"url\":\"https:\\\/\\\/ivector.xyz\\\/vectores\\\/login\\\/\",\"name\":\"ACCEDER - Ivector Plantillas\",\"isPartOf\":{\"@id\":\"https:\\\/\\\/ivector.xyz\\\/vectores\\\/#website\"},\"datePublished\":\"2022-08-17T16:52:33+00:00\",\"dateModified\":\"2026-04-13T05:48:26+00:00\",\"breadcrumb\":{\"@id\":\"https:\\\/\\\/ivector.xyz\\\/vectores\\\/login\\\/#breadcrumb\"},\"inLanguage\":\"es\",\"potentialAction\":[{\"@type\":\"ReadAction\",\"target\":[\"https:\\\/\\\/ivector.xyz\\\/vectores\\\/login\\\/\"]}]},{\"@type\":\"BreadcrumbList\",\"@id\":\"https:\\\/\\\/ivector.xyz\\\/vectores\\\/login\\\/#breadcrumb\",\"itemListElement\":[{\"@type\":\"ListItem\",\"position\":1,\"name\":\"Portada\",\"item\":\"https:\\\/\\\/ivector.xyz\\\/vectores\\\/\"},{\"@type\":\"ListItem\",\"position\":2,\"name\":\"ACCEDER\"}]},{\"@type\":\"WebSite\",\"@id\":\"https:\\\/\\\/ivector.xyz\\\/vectores\\\/#website\",\"url\":\"https:\\\/\\\/ivector.xyz\\\/vectores\\\/\",\"name\":\"Vectores, plantillas y recursos premium\",\"description\":\"Pack de vectores, dise\u00f1os y Plantillas para dtf, impresi\u00f3n, corte vinil y estampados\",\"publisher\":{\"@id\":\"https:\\\/\\\/ivector.xyz\\\/vectores\\\/#organization\"},\"alternateName\":\"ivector xyz\",\"potentialAction\":[{\"@type\":\"SearchAction\",\"target\":{\"@type\":\"EntryPoint\",\"urlTemplate\":\"https:\\\/\\\/ivector.xyz\\\/vectores\\\/?s={search_term_string}\"},\"query-input\":{\"@type\":\"PropertyValueSpecification\",\"valueRequired\":true,\"valueName\":\"search_term_string\"}}],\"inLanguage\":\"es\"},{\"@type\":\"Organization\",\"@id\":\"https:\\\/\\\/ivector.xyz\\\/vectores\\\/#organization\",\"name\":\"Ivector xyz\",\"alternateName\":\"Dise\u00f1ador de vectores\",\"url\":\"https:\\\/\\\/ivector.xyz\\\/vectores\\\/\",\"logo\":{\"@type\":\"ImageObject\",\"inLanguage\":\"es\",\"@id\":\"https:\\\/\\\/ivector.xyz\\\/vectores\\\/#\\\/schema\\\/logo\\\/image\\\/\",\"url\":\"https:\\\/\\\/i0.wp.com\\\/ivector.xyz\\\/vectores\\\/wp-content\\\/uploads\\\/2020\\\/05\\\/cropped-cropped-ivector-logo-01-e1668708926252-1.png?fit=190%2C190&ssl=1\",\"contentUrl\":\"https:\\\/\\\/i0.wp.com\\\/ivector.xyz\\\/vectores\\\/wp-content\\\/uploads\\\/2020\\\/05\\\/cropped-cropped-ivector-logo-01-e1668708926252-1.png?fit=190%2C190&ssl=1\",\"width\":190,\"height\":190,\"caption\":\"Ivector xyz\"},\"image\":{\"@id\":\"https:\\\/\\\/ivector.xyz\\\/vectores\\\/#\\\/schema\\\/logo\\\/image\\\/\"},\"sameAs\":[\"https:\\\/\\\/www.facebook.com\\\/Ivector.online\",\"https:\\\/\\\/mx.pinterest.com\\\/wwwivectormx\"]}]}<\/script>\n<!-- \/ Yoast SEO plugin. -->","yoast_head_json":{"title":"ACCEDER - Ivector Plantillas","robots":{"index":"index","follow":"follow","max-snippet":"max-snippet:-1","max-image-preview":"max-image-preview:large","max-video-preview":"max-video-preview:-1"},"canonical":"https:\/\/ivector.xyz\/vectores\/login\/","og_locale":"es_ES","og_type":"article","og_title":"ACCEDER - Ivector Plantillas","og_url":"https:\/\/ivector.xyz\/vectores\/login\/","og_site_name":"Ivector Plantillas","article_publisher":"https:\/\/www.facebook.com\/Ivector.online","article_modified_time":"2026-04-13T05:48:26+00:00","og_image":[{"width":1181,"height":1181,"url":"https:\/\/i0.wp.com\/ivector.xyz\/vectores\/wp-content\/uploads\/logo-ivector-01.png?fit=1181%2C1181&ssl=1","type":"image\/png"}],"twitter_card":"summary_large_image","twitter_misc":{"Tiempo de lectura":"1 minuto"},"schema":{"@context":"https:\/\/schema.org","@graph":[{"@type":"WebPage","@id":"https:\/\/ivector.xyz\/vectores\/login\/","url":"https:\/\/ivector.xyz\/vectores\/login\/","name":"ACCEDER - Ivector Plantillas","isPartOf":{"@id":"https:\/\/ivector.xyz\/vectores\/#website"},"datePublished":"2022-08-17T16:52:33+00:00","dateModified":"2026-04-13T05:48:26+00:00","breadcrumb":{"@id":"https:\/\/ivector.xyz\/vectores\/login\/#breadcrumb"},"inLanguage":"es","potentialAction":[{"@type":"ReadAction","target":["https:\/\/ivector.xyz\/vectores\/login\/"]}]},{"@type":"BreadcrumbList","@id":"https:\/\/ivector.xyz\/vectores\/login\/#breadcrumb","itemListElement":[{"@type":"ListItem","position":1,"name":"Portada","item":"https:\/\/ivector.xyz\/vectores\/"},{"@type":"ListItem","position":2,"name":"ACCEDER"}]},{"@type":"WebSite","@id":"https:\/\/ivector.xyz\/vectores\/#website","url":"https:\/\/ivector.xyz\/vectores\/","name":"Vectores, plantillas y recursos premium","description":"Pack de vectores, dise\u00f1os y Plantillas para dtf, impresi\u00f3n, corte vinil y estampados","publisher":{"@id":"https:\/\/ivector.xyz\/vectores\/#organization"},"alternateName":"ivector xyz","potentialAction":[{"@type":"SearchAction","target":{"@type":"EntryPoint","urlTemplate":"https:\/\/ivector.xyz\/vectores\/?s={search_term_string}"},"query-input":{"@type":"PropertyValueSpecification","valueRequired":true,"valueName":"search_term_string"}}],"inLanguage":"es"},{"@type":"Organization","@id":"https:\/\/ivector.xyz\/vectores\/#organization","name":"Ivector xyz","alternateName":"Dise\u00f1ador de vectores","url":"https:\/\/ivector.xyz\/vectores\/","logo":{"@type":"ImageObject","inLanguage":"es","@id":"https:\/\/ivector.xyz\/vectores\/#\/schema\/logo\/image\/","url":"https:\/\/i0.wp.com\/ivector.xyz\/vectores\/wp-content\/uploads\/2020\/05\/cropped-cropped-ivector-logo-01-e1668708926252-1.png?fit=190%2C190&ssl=1","contentUrl":"https:\/\/i0.wp.com\/ivector.xyz\/vectores\/wp-content\/uploads\/2020\/05\/cropped-cropped-ivector-logo-01-e1668708926252-1.png?fit=190%2C190&ssl=1","width":190,"height":190,"caption":"Ivector xyz"},"image":{"@id":"https:\/\/ivector.xyz\/vectores\/#\/schema\/logo\/image\/"},"sameAs":["https:\/\/www.facebook.com\/Ivector.online","https:\/\/mx.pinterest.com\/wwwivectormx"]}]}},"jetpack_sharing_enabled":true,"jetpack-related-posts":[{"id":18626,"url":"https:\/\/ivector.xyz\/vectores\/pago-de-suscripcion\/","url_meta":{"origin":12874,"position":0},"title":"PAGO DE SUSCRIPCI\u00d3N","author":"PP_4lme1D4","date":"24 de noviembre de 2022","format":false,"excerpt":"SUSCR\u00cdBETE Y DESCARGA TODO EL CONTENIDO [pmpro_checkout] 1.- Click en el bot\u00f3n paypal 2.- Ingresa tu correo, y tu contrase\u00f1a para acceder al sitio 3.- Realiza Tu pago por Paypal","rel":"","context":"Entrada similar","block_context":{"text":"Entrada similar","link":""},"img":{"alt_text":"","src":"https:\/\/i0.wp.com\/ivector.xyz\/vectores\/wp-content\/uploads\/363358328_694895102652523_1543360070356186281_n.jpg?resize=350%2C200&ssl=1","width":350,"height":200,"srcset":"https:\/\/i0.wp.com\/ivector.xyz\/vectores\/wp-content\/uploads\/363358328_694895102652523_1543360070356186281_n.jpg?resize=350%2C200&ssl=1 1x, https:\/\/i0.wp.com\/ivector.xyz\/vectores\/wp-content\/uploads\/363358328_694895102652523_1543360070356186281_n.jpg?resize=525%2C300&ssl=1 1.5x, https:\/\/i0.wp.com\/ivector.xyz\/vectores\/wp-content\/uploads\/363358328_694895102652523_1543360070356186281_n.jpg?resize=700%2C400&ssl=1 2x"},"classes":[]},{"id":24357,"url":"https:\/\/ivector.xyz\/vectores\/politica-de-privacidad\/","url_meta":{"origin":12874,"position":1},"title":"Pol\u00edtica de Privacidad","author":"PP_4lme1D4","date":"29 de noviembre de 2023","format":false,"excerpt":"Pol\u00edtica de Privacidad Noviembre de 2023 En cumplimiento del Reglamento (UE) 2016\/679 de 27 de abril de 2016, (en adelante,\u00a0\u201cRGPD\u201d), y de la Ley Org\u00e1nica 3\/2018, de 5 de diciembre, de Protecci\u00f3n de Datos Personales y garant\u00eda de los derechos digitales (en adelante,\u00a0\"LOPDgdd\"), se te facilita la siguiente informaci\u00f3n sobre\u2026","rel":"","context":"Entrada similar","block_context":{"text":"Entrada similar","link":""},"img":{"alt_text":"","src":"","width":0,"height":0},"classes":[]}],"_links":{"self":[{"href":"https:\/\/ivector.xyz\/vectores\/wp-json\/wp\/v2\/pages\/12874","targetHints":{"allow":["GET"]}}],"collection":[{"href":"https:\/\/ivector.xyz\/vectores\/wp-json\/wp\/v2\/pages"}],"about":[{"href":"https:\/\/ivector.xyz\/vectores\/wp-json\/wp\/v2\/types\/page"}],"author":[{"embeddable":true,"href":"https:\/\/ivector.xyz\/vectores\/wp-json\/wp\/v2\/users\/1"}],"replies":[{"embeddable":true,"href":"https:\/\/ivector.xyz\/vectores\/wp-json\/wp\/v2\/comments?post=12874"}],"version-history":[{"count":6,"href":"https:\/\/ivector.xyz\/vectores\/wp-json\/wp\/v2\/pages\/12874\/revisions"}],"predecessor-version":[{"id":21262,"href":"https:\/\/ivector.xyz\/vectores\/wp-json\/wp\/v2\/pages\/12874\/revisions\/21262"}],"wp:attachment":[{"href":"https:\/\/ivector.xyz\/vectores\/wp-json\/wp\/v2\/media?parent=12874"}],"curies":[{"name":"wp","href":"https:\/\/api.w.org\/{rel}","templated":true}]}}