{"id":18626,"date":"2022-11-24T12:02:56","date_gmt":"2022-11-24T18:02:56","guid":{"rendered":"https:\/\/ivector.xyz\/public\/?page_id=18626"},"modified":"2023-08-18T14:29:43","modified_gmt":"2023-08-18T20:29:43","slug":"pago-de-suscripcion","status":"publish","type":"page","link":"https:\/\/ivector.xyz\/vectores\/pago-de-suscripcion\/","title":{"rendered":"PAGO DE SUSCRIPCI\u00d3N"},"content":{"rendered":"\n<p>SUSCR\u00cdBETE Y DESCARGA TODO EL CONTENIDO<\/p>\n\n\n\n<figure class=\"wp-block-image size-full\"><img data-recalc-dims=\"1\" decoding=\"async\" width=\"640\" height=\"210\" data-attachment-id=\"22401\" data-permalink=\"https:\/\/ivector.xyz\/vectores\/pago-de-suscripcion\/363358328_694895102652523_1543360070356186281_n\/\" data-orig-file=\"https:\/\/i0.wp.com\/ivector.xyz\/vectores\/wp-content\/uploads\/363358328_694895102652523_1543360070356186281_n.jpg?fit=1020%2C335&amp;ssl=1\" data-orig-size=\"1020,335\" data-comments-opened=\"1\" data-image-meta=\"{&quot;aperture&quot;:&quot;0&quot;,&quot;credit&quot;:&quot;&quot;,&quot;camera&quot;:&quot;&quot;,&quot;caption&quot;:&quot;&quot;,&quot;created_timestamp&quot;:&quot;0&quot;,&quot;copyright&quot;:&quot;&quot;,&quot;focal_length&quot;:&quot;0&quot;,&quot;iso&quot;:&quot;0&quot;,&quot;shutter_speed&quot;:&quot;0&quot;,&quot;title&quot;:&quot;&quot;,&quot;orientation&quot;:&quot;0&quot;}\" data-image- title=\"\"  data-image-description=\"\" data-image-caption=\"\" data-large-file=\"https:\/\/i0.wp.com\/ivector.xyz\/vectores\/wp-content\/uploads\/363358328_694895102652523_1543360070356186281_n.jpg?fit=640%2C210&amp;ssl=1\" src=\"https:\/\/i0.wp.com\/ivector.xyz\/public\/wp-content\/uploads\/363358328_694895102652523_1543360070356186281_n.jpg?resize=640%2C210&#038;ssl=1\"  alt=\"363358328_694895102652523_1543360070356186281_n PAGO DE SUSCRIPCI\u00d3N\"  class=\"wp-image-22401\" srcset=\"https:\/\/i0.wp.com\/ivector.xyz\/vectores\/wp-content\/uploads\/363358328_694895102652523_1543360070356186281_n.jpg?w=1020&amp;ssl=1 1020w, https:\/\/i0.wp.com\/ivector.xyz\/vectores\/wp-content\/uploads\/363358328_694895102652523_1543360070356186281_n.jpg?resize=300%2C99&amp;ssl=1 300w, https:\/\/i0.wp.com\/ivector.xyz\/vectores\/wp-content\/uploads\/363358328_694895102652523_1543360070356186281_n.jpg?resize=768%2C252&amp;ssl=1 768w, https:\/\/i0.wp.com\/ivector.xyz\/vectores\/wp-content\/uploads\/363358328_694895102652523_1543360070356186281_n.jpg?resize=600%2C197&amp;ssl=1 600w\" sizes=\"(max-width: 640px) 100vw, 640px\" \/><\/figure>\n\n\n<p>[pmpro_checkout]<\/p>\n\n\n\n<p>1.- Click en el bot\u00f3n paypal<\/p>\n\n\n\n<p>2.- Ingresa tu correo, y tu contrase\u00f1a para acceder al sitio<\/p>\n\n\n\n<p>3.- Realiza Tu pago por Paypal<\/p>\n\n\n\n<p><\/p>\n\n\n\n<p><\/p>\n\n\n<div  class=\"ultp-post-grid-block wp-block-ultimate-post-post-grid-2 ultp-block-c4bcaf\"><div class=\"ultp-block-wrapper\"><div class=\"ultp-loading\"><div class=\"ultp-loading-blocks\" style=\"width:100%;height:100%;\"><div style=\"left: 0;top: 0;animation-delay:0s;\"><\/div><div style=\"left: 21px;top: 0;animation-delay:0.125s;\"><\/div><div style=\"left: 42px;top: 0;animation-delay:0.25s;\"><\/div><div style=\"left: 0;top: 21px;animation-delay:0.875s;\"><\/div><div style=\"left: 42px;top: 21px;animation-delay:0.375s;\"><\/div><div style=\"left: 0;top: 42px;animation-delay:0.75s;\"><\/div><div style=\"left: 42px;top: 42px;animation-delay:0.625s;\"><\/div><div style=\"left: 21px;top: 42px;animation-delay:0.5s;\"><\/div><\/div><\/div><div class=\"ultp-heading-filter\"><div class=\"ultp-heading-filter-in\"><div class=\"ultp-heading-wrap ultp-heading-style5 ultp-heading-center\"><h2 class=\"ultp-heading-inner\"><span>Vectores Aleatorios<\/span><\/h2><\/div><\/div><\/div><div class=\"ultp-block-items-wrap ultp-block-row\"><div class=\"ultp-block-item post-id-4128\"><div class=\"ultp-block-content-wrap ultp-block-content-overlay\"><div class=\"ultp-block-image ultp-block-image-zoomOut\"><a href=\"https:\/\/ivector.xyz\/vectores\/reno-navideno-glitter-para-corte-vinil\/\" ><img  title=\"\" decoding=\"async\"   alt=\"reno-ojos-redondos-vector-01 PAGO DE SUSCRIPCI\u00d3N\"   src=\"https:\/\/i0.wp.com\/ivector.xyz\/vectores\/wp-content\/uploads\/reno-ojos-redondos-vector-01.jpg?fit=300%2C300&#038;ssl=1\" \/><\/a><\/div><div class=\"ultp-block-content ultp-block-content-bottomPosition\"><div class=\"ultp-block-content-inner\"><h3 class=\"ultp-block-title \"><a href=\"https:\/\/ivector.xyz\/vectores\/reno-navideno-glitter-para-corte-vinil\/\" >Reno Navide\u00f1o Glitter para corte vinil<\/a><\/h3><\/div><\/div><\/div><\/div><div class=\"ultp-block-item post-id-21764\"><div class=\"ultp-block-content-wrap ultp-block-content-overlay\"><div class=\"ultp-block-image ultp-block-image-zoomOut\"><a href=\"https:\/\/ivector.xyz\/vectores\/el-mejor-papa-guardianes-de-la-galaxia-dia-del-padre-vector-editable-eps-pdf-svg\/\" ><img  title=\"\" decoding=\"async\"   alt=\"EL-MEJOR-PAPA-GUARDIANES-DE-LA-GALAXIA-DIA-DEL-PADRE-VECTOR-EDITABLE-EPS-PDF-SVG-01 PAGO DE SUSCRIPCI\u00d3N\"   src=\"https:\/\/i0.wp.com\/ivector.xyz\/vectores\/wp-content\/uploads\/EL-MEJOR-PAPA-GUARDIANES-DE-LA-GALAXIA-DIA-DEL-PADRE-VECTOR-EDITABLE-EPS-PDF-SVG-01.jpg?fit=300%2C300&#038;ssl=1\" \/><\/a><\/div><div class=\"ultp-block-content ultp-block-content-bottomPosition\"><div class=\"ultp-block-content-inner\"><h3 class=\"ultp-block-title \"><a href=\"https:\/\/ivector.xyz\/vectores\/el-mejor-papa-guardianes-de-la-galaxia-dia-del-padre-vector-editable-eps-pdf-svg\/\" >EL MEJOR PAPA GUARDIANES DE LA GALAXIA, DIA DEL PADRE<\/a><\/h3><\/div><\/div><\/div><\/div><div class=\"ultp-block-item post-id-20066\"><div class=\"ultp-block-content-wrap ultp-block-content-overlay\"><div class=\"ultp-block-image ultp-block-image-zoomOut\"><a href=\"https:\/\/ivector.xyz\/vectores\/dinosaurio-panalero-cupleanos-vector-editable-eps-pdf\/\" ><img  title=\"\" decoding=\"async\"   alt=\"DINOSAURIO-PANALERO-CUPLEANOS-VECTOR-EDITABLE-EPS-PDF-01-1 PAGO DE SUSCRIPCI\u00d3N\"   src=\"https:\/\/i0.wp.com\/ivector.xyz\/vectores\/wp-content\/uploads\/DINOSAURIO-PANALERO-CUPLEANOS-VECTOR-EDITABLE-EPS-PDF-01-1.jpg?fit=300%2C300&#038;ssl=1\" \/><\/a><\/div><div class=\"ultp-block-content ultp-block-content-bottomPosition\"><div class=\"ultp-block-content-inner\"><h3 class=\"ultp-block-title \"><a href=\"https:\/\/ivector.xyz\/vectores\/dinosaurio-panalero-cupleanos-vector-editable-eps-pdf\/\" >DINOSAURIO PA\u00d1ALERO CUPLEA\u00d1OS VECTOR EDITABLE EPS PDF<\/a><\/h3><\/div><\/div><\/div><\/div><div class=\"ultp-block-item post-id-33026\"><div class=\"ultp-block-content-wrap ultp-block-content-overlay\"><div class=\"ultp-block-image ultp-block-image-zoomOut\"><a href=\"https:\/\/ivector.xyz\/vectores\/t-rex-cumpleanos-naranja-vector-editable\/\" ><img  title=\"\" decoding=\"async\"   alt=\"T-REX-CUMPLEANOS-NARANJA-VECTOR-EDITABLE_Mesa-de-trabajo-1 PAGO DE SUSCRIPCI\u00d3N\"   src=\"https:\/\/i0.wp.com\/ivector.xyz\/vectores\/wp-content\/uploads\/T-REX-CUMPLEANOS-NARANJA-VECTOR-EDITABLE_Mesa-de-trabajo-1.jpg?fit=300%2C300&#038;ssl=1\" \/><\/a><\/div><div class=\"ultp-block-content ultp-block-content-bottomPosition\"><div class=\"ultp-block-content-inner\"><h3 class=\"ultp-block-title \"><a href=\"https:\/\/ivector.xyz\/vectores\/t-rex-cumpleanos-naranja-vector-editable\/\" >T REX CUMPLEA\u00d1OS NARANJA VECTOR EDITABLE<\/a><\/h3><\/div><\/div><\/div><\/div><\/div><\/div><div class=\"pagination-block-html\" aria-hidden=\"true\" style=\"display: none;\"><\/div><\/div>","protected":false},"excerpt":{"rendered":"<p>SUSCR\u00cdBETE Y DESCARGA TODO EL CONTENIDO 1.- Click en el bot\u00f3n paypal 2.- Ingresa tu correo, y tu contrase\u00f1a para acceder al sitio 3.- Realiza Tu pago por Paypal<\/p>\n","protected":false},"author":1,"featured_media":0,"parent":0,"menu_order":0,"comment_status":"closed","ping_status":"closed","template":"","meta":{"pmpro_default_level":"","jetpack_post_was_ever_published":false,"footnotes":""},"class_list":["post-18626","page","type-page","status-publish","hentry","pmpro-has-access"],"yoast_head":"<!-- This site is optimized with the Yoast SEO plugin v27.4 - https:\/\/yoast.com\/product\/yoast-seo-wordpress\/ -->\n<title>PAGO DE SUSCRIPCI\u00d3N - Ivector Plantillas<\/title>\n<meta name=\"robots\" content=\"index, follow, max-snippet:-1, max-image-preview:large, max-video-preview:-1\" \/>\n<link rel=\"canonical\" href=\"https:\/\/ivector.xyz\/vectores\/pago-de-suscripcion\/\" \/>\n<meta property=\"og:locale\" content=\"es_ES\" \/>\n<meta property=\"og:type\" content=\"article\" \/>\n<meta property=\"og:title\" content=\"PAGO DE SUSCRIPCI\u00d3N - Ivector Plantillas\" \/>\n<meta property=\"og:description\" content=\"SUSCR\u00cdBETE Y DESCARGA TODO EL CONTENIDO 1.- Click en el bot\u00f3n paypal 2.- Ingresa tu correo, y tu contrase\u00f1a para acceder al sitio 3.- Realiza Tu pago por Paypal\" \/>\n<meta property=\"og:url\" content=\"https:\/\/ivector.xyz\/vectores\/pago-de-suscripcion\/\" \/>\n<meta property=\"og:site_name\" content=\"Ivector Plantillas\" \/>\n<meta property=\"article:publisher\" content=\"https:\/\/www.facebook.com\/Ivector.online\" \/>\n<meta property=\"article:modified_time\" content=\"2023-08-18T20:29:43+00:00\" \/>\n<meta property=\"og:image\" content=\"https:\/\/ivector.xyz\/public\/wp-content\/uploads\/363358328_694895102652523_1543360070356186281_n.jpg\" \/>\n<meta name=\"twitter:card\" content=\"summary_large_image\" \/>\n<meta name=\"twitter:label1\" content=\"Tiempo de lectura\" \/>\n\t<meta name=\"twitter:data1\" content=\"1 minuto\" \/>\n<script type=\"application\/ld+json\" class=\"yoast-schema-graph\">{\"@context\":\"https:\\\/\\\/schema.org\",\"@graph\":[{\"@type\":\"WebPage\",\"@id\":\"https:\\\/\\\/ivector.xyz\\\/vectores\\\/pago-de-suscripcion\\\/\",\"url\":\"https:\\\/\\\/ivector.xyz\\\/vectores\\\/pago-de-suscripcion\\\/\",\"name\":\"PAGO DE SUSCRIPCI\u00d3N - Ivector Plantillas\",\"isPartOf\":{\"@id\":\"https:\\\/\\\/ivector.xyz\\\/vectores\\\/#website\"},\"primaryImageOfPage\":{\"@id\":\"https:\\\/\\\/ivector.xyz\\\/vectores\\\/pago-de-suscripcion\\\/#primaryimage\"},\"image\":{\"@id\":\"https:\\\/\\\/ivector.xyz\\\/vectores\\\/pago-de-suscripcion\\\/#primaryimage\"},\"thumbnailUrl\":\"https:\\\/\\\/ivector.xyz\\\/public\\\/wp-content\\\/uploads\\\/363358328_694895102652523_1543360070356186281_n.jpg\",\"datePublished\":\"2022-11-24T18:02:56+00:00\",\"dateModified\":\"2023-08-18T20:29:43+00:00\",\"breadcrumb\":{\"@id\":\"https:\\\/\\\/ivector.xyz\\\/vectores\\\/pago-de-suscripcion\\\/#breadcrumb\"},\"inLanguage\":\"es\",\"potentialAction\":[{\"@type\":\"ReadAction\",\"target\":[\"https:\\\/\\\/ivector.xyz\\\/vectores\\\/pago-de-suscripcion\\\/\"]}]},{\"@type\":\"ImageObject\",\"inLanguage\":\"es\",\"@id\":\"https:\\\/\\\/ivector.xyz\\\/vectores\\\/pago-de-suscripcion\\\/#primaryimage\",\"url\":\"https:\\\/\\\/ivector.xyz\\\/public\\\/wp-content\\\/uploads\\\/363358328_694895102652523_1543360070356186281_n.jpg\",\"contentUrl\":\"https:\\\/\\\/ivector.xyz\\\/public\\\/wp-content\\\/uploads\\\/363358328_694895102652523_1543360070356186281_n.jpg\"},{\"@type\":\"BreadcrumbList\",\"@id\":\"https:\\\/\\\/ivector.xyz\\\/vectores\\\/pago-de-suscripcion\\\/#breadcrumb\",\"itemListElement\":[{\"@type\":\"ListItem\",\"position\":1,\"name\":\"Portada\",\"item\":\"https:\\\/\\\/ivector.xyz\\\/vectores\\\/\"},{\"@type\":\"ListItem\",\"position\":2,\"name\":\"PAGO DE SUSCRIPCI\u00d3N\"}]},{\"@type\":\"WebSite\",\"@id\":\"https:\\\/\\\/ivector.xyz\\\/vectores\\\/#website\",\"url\":\"https:\\\/\\\/ivector.xyz\\\/vectores\\\/\",\"name\":\"Vectores, plantillas y recursos premium\",\"description\":\"Pack de vectores, dise\u00f1os y Plantillas para dtf, impresi\u00f3n, corte vinil y estampados\",\"publisher\":{\"@id\":\"https:\\\/\\\/ivector.xyz\\\/vectores\\\/#organization\"},\"alternateName\":\"ivector xyz\",\"potentialAction\":[{\"@type\":\"SearchAction\",\"target\":{\"@type\":\"EntryPoint\",\"urlTemplate\":\"https:\\\/\\\/ivector.xyz\\\/vectores\\\/?s={search_term_string}\"},\"query-input\":{\"@type\":\"PropertyValueSpecification\",\"valueRequired\":true,\"valueName\":\"search_term_string\"}}],\"inLanguage\":\"es\"},{\"@type\":\"Organization\",\"@id\":\"https:\\\/\\\/ivector.xyz\\\/vectores\\\/#organization\",\"name\":\"Ivector xyz\",\"alternateName\":\"Dise\u00f1ador de vectores\",\"url\":\"https:\\\/\\\/ivector.xyz\\\/vectores\\\/\",\"logo\":{\"@type\":\"ImageObject\",\"inLanguage\":\"es\",\"@id\":\"https:\\\/\\\/ivector.xyz\\\/vectores\\\/#\\\/schema\\\/logo\\\/image\\\/\",\"url\":\"https:\\\/\\\/i0.wp.com\\\/ivector.xyz\\\/vectores\\\/wp-content\\\/uploads\\\/2020\\\/05\\\/cropped-cropped-ivector-logo-01-e1668708926252-1.png?fit=190%2C190&ssl=1\",\"contentUrl\":\"https:\\\/\\\/i0.wp.com\\\/ivector.xyz\\\/vectores\\\/wp-content\\\/uploads\\\/2020\\\/05\\\/cropped-cropped-ivector-logo-01-e1668708926252-1.png?fit=190%2C190&ssl=1\",\"width\":190,\"height\":190,\"caption\":\"Ivector xyz\"},\"image\":{\"@id\":\"https:\\\/\\\/ivector.xyz\\\/vectores\\\/#\\\/schema\\\/logo\\\/image\\\/\"},\"sameAs\":[\"https:\\\/\\\/www.facebook.com\\\/Ivector.online\",\"https:\\\/\\\/mx.pinterest.com\\\/wwwivectormx\"]}]}<\/script>\n<!-- \/ Yoast SEO plugin. -->","yoast_head_json":{"title":"PAGO DE SUSCRIPCI\u00d3N - Ivector Plantillas","robots":{"index":"index","follow":"follow","max-snippet":"max-snippet:-1","max-image-preview":"max-image-preview:large","max-video-preview":"max-video-preview:-1"},"canonical":"https:\/\/ivector.xyz\/vectores\/pago-de-suscripcion\/","og_locale":"es_ES","og_type":"article","og_title":"PAGO DE SUSCRIPCI\u00d3N - Ivector Plantillas","og_description":"SUSCR\u00cdBETE Y DESCARGA TODO EL CONTENIDO 1.- Click en el bot\u00f3n paypal 2.- Ingresa tu correo, y tu contrase\u00f1a para acceder al sitio 3.- Realiza Tu pago por Paypal","og_url":"https:\/\/ivector.xyz\/vectores\/pago-de-suscripcion\/","og_site_name":"Ivector Plantillas","article_publisher":"https:\/\/www.facebook.com\/Ivector.online","article_modified_time":"2023-08-18T20:29:43+00:00","og_image":[{"url":"https:\/\/ivector.xyz\/public\/wp-content\/uploads\/363358328_694895102652523_1543360070356186281_n.jpg","type":"","width":"","height":""}],"twitter_card":"summary_large_image","twitter_misc":{"Tiempo de lectura":"1 minuto"},"schema":{"@context":"https:\/\/schema.org","@graph":[{"@type":"WebPage","@id":"https:\/\/ivector.xyz\/vectores\/pago-de-suscripcion\/","url":"https:\/\/ivector.xyz\/vectores\/pago-de-suscripcion\/","name":"PAGO DE SUSCRIPCI\u00d3N - Ivector Plantillas","isPartOf":{"@id":"https:\/\/ivector.xyz\/vectores\/#website"},"primaryImageOfPage":{"@id":"https:\/\/ivector.xyz\/vectores\/pago-de-suscripcion\/#primaryimage"},"image":{"@id":"https:\/\/ivector.xyz\/vectores\/pago-de-suscripcion\/#primaryimage"},"thumbnailUrl":"https:\/\/ivector.xyz\/public\/wp-content\/uploads\/363358328_694895102652523_1543360070356186281_n.jpg","datePublished":"2022-11-24T18:02:56+00:00","dateModified":"2023-08-18T20:29:43+00:00","breadcrumb":{"@id":"https:\/\/ivector.xyz\/vectores\/pago-de-suscripcion\/#breadcrumb"},"inLanguage":"es","potentialAction":[{"@type":"ReadAction","target":["https:\/\/ivector.xyz\/vectores\/pago-de-suscripcion\/"]}]},{"@type":"ImageObject","inLanguage":"es","@id":"https:\/\/ivector.xyz\/vectores\/pago-de-suscripcion\/#primaryimage","url":"https:\/\/ivector.xyz\/public\/wp-content\/uploads\/363358328_694895102652523_1543360070356186281_n.jpg","contentUrl":"https:\/\/ivector.xyz\/public\/wp-content\/uploads\/363358328_694895102652523_1543360070356186281_n.jpg"},{"@type":"BreadcrumbList","@id":"https:\/\/ivector.xyz\/vectores\/pago-de-suscripcion\/#breadcrumb","itemListElement":[{"@type":"ListItem","position":1,"name":"Portada","item":"https:\/\/ivector.xyz\/vectores\/"},{"@type":"ListItem","position":2,"name":"PAGO DE SUSCRIPCI\u00d3N"}]},{"@type":"WebSite","@id":"https:\/\/ivector.xyz\/vectores\/#website","url":"https:\/\/ivector.xyz\/vectores\/","name":"Vectores, plantillas y recursos premium","description":"Pack de vectores, dise\u00f1os y Plantillas para dtf, impresi\u00f3n, corte vinil y estampados","publisher":{"@id":"https:\/\/ivector.xyz\/vectores\/#organization"},"alternateName":"ivector xyz","potentialAction":[{"@type":"SearchAction","target":{"@type":"EntryPoint","urlTemplate":"https:\/\/ivector.xyz\/vectores\/?s={search_term_string}"},"query-input":{"@type":"PropertyValueSpecification","valueRequired":true,"valueName":"search_term_string"}}],"inLanguage":"es"},{"@type":"Organization","@id":"https:\/\/ivector.xyz\/vectores\/#organization","name":"Ivector xyz","alternateName":"Dise\u00f1ador de vectores","url":"https:\/\/ivector.xyz\/vectores\/","logo":{"@type":"ImageObject","inLanguage":"es","@id":"https:\/\/ivector.xyz\/vectores\/#\/schema\/logo\/image\/","url":"https:\/\/i0.wp.com\/ivector.xyz\/vectores\/wp-content\/uploads\/2020\/05\/cropped-cropped-ivector-logo-01-e1668708926252-1.png?fit=190%2C190&ssl=1","contentUrl":"https:\/\/i0.wp.com\/ivector.xyz\/vectores\/wp-content\/uploads\/2020\/05\/cropped-cropped-ivector-logo-01-e1668708926252-1.png?fit=190%2C190&ssl=1","width":190,"height":190,"caption":"Ivector xyz"},"image":{"@id":"https:\/\/ivector.xyz\/vectores\/#\/schema\/logo\/image\/"},"sameAs":["https:\/\/www.facebook.com\/Ivector.online","https:\/\/mx.pinterest.com\/wwwivectormx"]}]}},"jetpack_sharing_enabled":true,"jetpack-related-posts":[{"id":32671,"url":"https:\/\/ivector.xyz\/vectores\/principal\/","url_meta":{"origin":18626,"position":0},"title":"Ivector &#8211; Recursos Ilimitados DTF","author":"PP_4lme1D4","date":"22 de junio de 2025","format":false,"excerpt":"\u00bfTienes dudas? Escr\u00edbenos Anterior 123 Siguiente Descarga miles de vectores editables en Illustrator desde $8 D\u00f3lares Suscr\u00edbete a Ivector Con cualquier nivel de suscripci\u00f3n podr\u00e1s descargar todo el contenido completamente editable y de alta calidad. No necesitas tener cuenta de Paypal Env\u00edanos un WhatsApp \u2705 Vectores 100% editables \u2705 Uso\u2026","rel":"","context":"Entrada similar","block_context":{"text":"Entrada similar","link":""},"img":{"alt_text":"","src":"https:\/\/i0.wp.com\/ivector.xyz\/vectores\/wp-content\/uploads\/image-1.jpg?resize=350%2C200","width":350,"height":200,"srcset":"https:\/\/i0.wp.com\/ivector.xyz\/vectores\/wp-content\/uploads\/image-1.jpg?resize=350%2C200 1x, https:\/\/i0.wp.com\/ivector.xyz\/vectores\/wp-content\/uploads\/image-1.jpg?resize=525%2C300 1.5x"},"classes":[]},{"id":24357,"url":"https:\/\/ivector.xyz\/vectores\/politica-de-privacidad\/","url_meta":{"origin":18626,"position":1},"title":"Pol\u00edtica de Privacidad","author":"PP_4lme1D4","date":"29 de noviembre de 2023","format":false,"excerpt":"Pol\u00edtica de Privacidad Noviembre de 2023 En cumplimiento del Reglamento (UE) 2016\/679 de 27 de abril de 2016, (en adelante,\u00a0\u201cRGPD\u201d), y de la Ley Org\u00e1nica 3\/2018, de 5 de diciembre, de Protecci\u00f3n de Datos Personales y garant\u00eda de los derechos digitales (en adelante,\u00a0\"LOPDgdd\"), se te facilita la siguiente informaci\u00f3n sobre\u2026","rel":"","context":"Entrada similar","block_context":{"text":"Entrada similar","link":""},"img":{"alt_text":"","src":"","width":0,"height":0},"classes":[]}],"_links":{"self":[{"href":"https:\/\/ivector.xyz\/vectores\/wp-json\/wp\/v2\/pages\/18626","targetHints":{"allow":["GET"]}}],"collection":[{"href":"https:\/\/ivector.xyz\/vectores\/wp-json\/wp\/v2\/pages"}],"about":[{"href":"https:\/\/ivector.xyz\/vectores\/wp-json\/wp\/v2\/types\/page"}],"author":[{"embeddable":true,"href":"https:\/\/ivector.xyz\/vectores\/wp-json\/wp\/v2\/users\/1"}],"replies":[{"embeddable":true,"href":"https:\/\/ivector.xyz\/vectores\/wp-json\/wp\/v2\/comments?post=18626"}],"version-history":[{"count":3,"href":"https:\/\/ivector.xyz\/vectores\/wp-json\/wp\/v2\/pages\/18626\/revisions"}],"predecessor-version":[{"id":22404,"href":"https:\/\/ivector.xyz\/vectores\/wp-json\/wp\/v2\/pages\/18626\/revisions\/22404"}],"wp:attachment":[{"href":"https:\/\/ivector.xyz\/vectores\/wp-json\/wp\/v2\/media?parent=18626"}],"curies":[{"name":"wp","href":"https:\/\/api.w.org\/{rel}","templated":true}]}}