{"id":3746,"date":"2020-10-21T00:49:12","date_gmt":"2020-10-21T05:49:12","guid":{"rendered":"https:\/\/ivector.xyz\/public\/?page_id=3746"},"modified":"2026-04-12T23:48:06","modified_gmt":"2026-04-13T05:48:06","slug":"como-descargar","status":"publish","type":"page","link":"https:\/\/ivector.xyz\/vectores\/como-descargar\/","title":{"rendered":"Descarga Vectores"},"content":{"rendered":"\n<p><\/p>\n\n\n\n<figure class=\"wp-block-image size-large\"><img data-recalc-dims=\"1\" height=\"379\" width=\"640\"  title=\"\" decoding=\"async\" src=\"https:\/\/i0.wp.com\/ivector.xyz\/public\/wp-content\/uploads\/1-1024x607.jpg?resize=640%2C379&#038;ssl=1\"  alt=\"1-1024x607 Descarga Vectores\"  class=\"wp-image-3747\"\/><figcaption>1.- Elige el vector que desees y da click para abrir el articulo.<\/figcaption><\/figure>\n\n\n\n<figure class=\"wp-block-image size-large\"><img data-recalc-dims=\"1\" height=\"379\" width=\"640\"  title=\"\" decoding=\"async\" src=\"https:\/\/i0.wp.com\/ivector.xyz\/public\/wp-content\/uploads\/2-1024x607.jpg?resize=640%2C379&#038;ssl=1\"  alt=\"2-1024x607 Descarga Vectores\"  class=\"wp-image-3748\"\/><figcaption>Busca el bot\u00f3n Descargar, al darle click se abrir\u00e1 la ventana del acorta link.<\/figcaption><\/figure>\n\n\n\n<figure class=\"wp-block-image size-large\"><img data-recalc-dims=\"1\" height=\"379\" width=\"640\"  title=\"\" decoding=\"async\" src=\"https:\/\/i0.wp.com\/ivector.xyz\/public\/wp-content\/uploads\/3-1024x607.jpg?resize=640%2C379&#038;ssl=1\"  alt=\"3-1024x607 Descarga Vectores\"  class=\"wp-image-3749\"\/><figcaption>Espera 5 segundos y da click en el bot\u00f3n saltar publicidad.<\/figcaption><\/figure>\n\n\n\n<figure class=\"wp-block-image size-large\"><img data-recalc-dims=\"1\" height=\"379\" width=\"640\"  title=\"\" decoding=\"async\" src=\"https:\/\/i0.wp.com\/ivector.xyz\/public\/wp-content\/uploads\/4-1024x607.jpg?resize=640%2C379&#038;ssl=1\"  alt=\"4-1024x607 Descarga Vectores\"  class=\"wp-image-3750\"\/><figcaption>En firefox: Da click sobre la flecha (no sobre la publicidad) y espera a que abra la ventana para guardar el archivo.<\/figcaption><\/figure>\n\n\n\n<figure class=\"wp-block-image size-large\"><img data-recalc-dims=\"1\" height=\"379\" width=\"640\"  title=\"\" decoding=\"async\" src=\"https:\/\/i0.wp.com\/ivector.xyz\/public\/wp-content\/uploads\/4-1-1024x607.jpg?resize=640%2C379&#038;ssl=1\"  alt=\"4-1-1024x607 Descarga Vectores\"  class=\"wp-image-3751\"\/><\/figure>\n\n\n\n<p>En Chrome: Da clic en el bot\u00f3n permitir y guarda el archivo. Esto har\u00e1 que a tu navegador se le instale publicidad. No te preocupes. Solo tienes que bloquearla.<\/p>\n\n\n\n<figure class=\"wp-block-image size-large\"><img data-recalc-dims=\"1\" height=\"334\" width=\"640\"  title=\"\" decoding=\"async\" src=\"https:\/\/i0.wp.com\/ivector.xyz\/public\/wp-content\/uploads\/6-1-1024x535.jpg?resize=640%2C334&#038;ssl=1\"  alt=\"6-1-1024x535 Descarga Vectores\"  class=\"wp-image-3753\"\/><\/figure>\n\n\n\n<p>Cuando te aparezca la publicidad, solo preciona el \u00abiconito de configuraci\u00f3n\u00bb de la parte superior derecha de la ventanita, y le das click en bloquear, en caso de que se te instale la publicifad.<\/p>\n\n\n\n<p><\/p>\n\n\n\n<p>Si alg\u00fan link esta ca\u00eddo favor de mandar msg en la publicaci\u00f3n y se revisa.<\/p>\n","protected":false},"excerpt":{"rendered":"<p>En Chrome: Da clic en el bot\u00f3n permitir y guarda el archivo. Esto har\u00e1 que a tu navegador se le instale publicidad. No te preocupes. Solo tienes que bloquearla. Cuando te aparezca la publicidad, solo preciona el \u00abiconito de configuraci\u00f3n\u00bb de la parte superior derecha de la ventanita, y le das click en bloquear, en [&hellip;]<\/p>\n","protected":false},"author":1,"featured_media":0,"parent":0,"menu_order":0,"comment_status":"closed","ping_status":"closed","template":"","meta":{"pmpro_default_level":"","jetpack_post_was_ever_published":false,"footnotes":""},"class_list":["post-3746","page","type-page","status-publish","hentry","pmpro-has-access"],"yoast_head":"<!-- This site is optimized with the Yoast SEO plugin v27.4 - https:\/\/yoast.com\/product\/yoast-seo-wordpress\/ -->\n<title>Descarga Vectores - Ivector Plantillas<\/title>\n<meta name=\"robots\" content=\"index, follow, max-snippet:-1, max-image-preview:large, max-video-preview:-1\" \/>\n<link rel=\"canonical\" href=\"https:\/\/ivector.xyz\/vectores\/como-descargar\/\" \/>\n<meta property=\"og:locale\" content=\"es_ES\" \/>\n<meta property=\"og:type\" content=\"article\" \/>\n<meta property=\"og:title\" content=\"Descarga Vectores - Ivector Plantillas\" \/>\n<meta property=\"og:description\" content=\"En Chrome: Da clic en el bot\u00f3n permitir y guarda el archivo. Esto har\u00e1 que a tu navegador se le instale publicidad. No te preocupes. Solo tienes que bloquearla. Cuando te aparezca la publicidad, solo preciona el \u00abiconito de configuraci\u00f3n\u00bb de la parte superior derecha de la ventanita, y le das click en bloquear, en [&hellip;]\" \/>\n<meta property=\"og:url\" content=\"https:\/\/ivector.xyz\/vectores\/como-descargar\/\" \/>\n<meta property=\"og:site_name\" content=\"Ivector Plantillas\" \/>\n<meta property=\"article:publisher\" content=\"https:\/\/www.facebook.com\/Ivector.online\" \/>\n<meta property=\"article:modified_time\" content=\"2026-04-13T05:48:06+00:00\" \/>\n<meta property=\"og:image\" content=\"https:\/\/ivector.xyz\/public\/wp-content\/uploads\/1-1024x607.jpg\" \/>\n<meta name=\"twitter:card\" content=\"summary_large_image\" \/>\n<meta name=\"twitter:label1\" content=\"Tiempo de lectura\" \/>\n\t<meta name=\"twitter:data1\" content=\"1 minuto\" \/>\n<script type=\"application\/ld+json\" class=\"yoast-schema-graph\">{\"@context\":\"https:\\\/\\\/schema.org\",\"@graph\":[{\"@type\":\"WebPage\",\"@id\":\"https:\\\/\\\/ivector.xyz\\\/vectores\\\/como-descargar\\\/\",\"url\":\"https:\\\/\\\/ivector.xyz\\\/vectores\\\/como-descargar\\\/\",\"name\":\"Descarga Vectores - Ivector Plantillas\",\"isPartOf\":{\"@id\":\"https:\\\/\\\/ivector.xyz\\\/vectores\\\/#website\"},\"primaryImageOfPage\":{\"@id\":\"https:\\\/\\\/ivector.xyz\\\/vectores\\\/como-descargar\\\/#primaryimage\"},\"image\":{\"@id\":\"https:\\\/\\\/ivector.xyz\\\/vectores\\\/como-descargar\\\/#primaryimage\"},\"thumbnailUrl\":\"https:\\\/\\\/ivector.xyz\\\/public\\\/wp-content\\\/uploads\\\/1-1024x607.jpg\",\"datePublished\":\"2020-10-21T05:49:12+00:00\",\"dateModified\":\"2026-04-13T05:48:06+00:00\",\"breadcrumb\":{\"@id\":\"https:\\\/\\\/ivector.xyz\\\/vectores\\\/como-descargar\\\/#breadcrumb\"},\"inLanguage\":\"es\",\"potentialAction\":[{\"@type\":\"ReadAction\",\"target\":[\"https:\\\/\\\/ivector.xyz\\\/vectores\\\/como-descargar\\\/\"]}]},{\"@type\":\"ImageObject\",\"inLanguage\":\"es\",\"@id\":\"https:\\\/\\\/ivector.xyz\\\/vectores\\\/como-descargar\\\/#primaryimage\",\"url\":\"https:\\\/\\\/ivector.xyz\\\/public\\\/wp-content\\\/uploads\\\/1-1024x607.jpg\",\"contentUrl\":\"https:\\\/\\\/ivector.xyz\\\/public\\\/wp-content\\\/uploads\\\/1-1024x607.jpg\"},{\"@type\":\"BreadcrumbList\",\"@id\":\"https:\\\/\\\/ivector.xyz\\\/vectores\\\/como-descargar\\\/#breadcrumb\",\"itemListElement\":[{\"@type\":\"ListItem\",\"position\":1,\"name\":\"Portada\",\"item\":\"https:\\\/\\\/ivector.xyz\\\/vectores\\\/\"},{\"@type\":\"ListItem\",\"position\":2,\"name\":\"Descarga Vectores\"}]},{\"@type\":\"WebSite\",\"@id\":\"https:\\\/\\\/ivector.xyz\\\/vectores\\\/#website\",\"url\":\"https:\\\/\\\/ivector.xyz\\\/vectores\\\/\",\"name\":\"Vectores, plantillas y recursos premium\",\"description\":\"Pack de vectores, dise\u00f1os y Plantillas para dtf, impresi\u00f3n, corte vinil y estampados\",\"publisher\":{\"@id\":\"https:\\\/\\\/ivector.xyz\\\/vectores\\\/#organization\"},\"alternateName\":\"ivector xyz\",\"potentialAction\":[{\"@type\":\"SearchAction\",\"target\":{\"@type\":\"EntryPoint\",\"urlTemplate\":\"https:\\\/\\\/ivector.xyz\\\/vectores\\\/?s={search_term_string}\"},\"query-input\":{\"@type\":\"PropertyValueSpecification\",\"valueRequired\":true,\"valueName\":\"search_term_string\"}}],\"inLanguage\":\"es\"},{\"@type\":\"Organization\",\"@id\":\"https:\\\/\\\/ivector.xyz\\\/vectores\\\/#organization\",\"name\":\"Ivector xyz\",\"alternateName\":\"Dise\u00f1ador de vectores\",\"url\":\"https:\\\/\\\/ivector.xyz\\\/vectores\\\/\",\"logo\":{\"@type\":\"ImageObject\",\"inLanguage\":\"es\",\"@id\":\"https:\\\/\\\/ivector.xyz\\\/vectores\\\/#\\\/schema\\\/logo\\\/image\\\/\",\"url\":\"https:\\\/\\\/i0.wp.com\\\/ivector.xyz\\\/vectores\\\/wp-content\\\/uploads\\\/2020\\\/05\\\/cropped-cropped-ivector-logo-01-e1668708926252-1.png?fit=190%2C190&ssl=1\",\"contentUrl\":\"https:\\\/\\\/i0.wp.com\\\/ivector.xyz\\\/vectores\\\/wp-content\\\/uploads\\\/2020\\\/05\\\/cropped-cropped-ivector-logo-01-e1668708926252-1.png?fit=190%2C190&ssl=1\",\"width\":190,\"height\":190,\"caption\":\"Ivector xyz\"},\"image\":{\"@id\":\"https:\\\/\\\/ivector.xyz\\\/vectores\\\/#\\\/schema\\\/logo\\\/image\\\/\"},\"sameAs\":[\"https:\\\/\\\/www.facebook.com\\\/Ivector.online\",\"https:\\\/\\\/mx.pinterest.com\\\/wwwivectormx\"]}]}<\/script>\n<!-- \/ Yoast SEO plugin. -->","yoast_head_json":{"title":"Descarga Vectores - Ivector Plantillas","robots":{"index":"index","follow":"follow","max-snippet":"max-snippet:-1","max-image-preview":"max-image-preview:large","max-video-preview":"max-video-preview:-1"},"canonical":"https:\/\/ivector.xyz\/vectores\/como-descargar\/","og_locale":"es_ES","og_type":"article","og_title":"Descarga Vectores - Ivector Plantillas","og_description":"En Chrome: Da clic en el bot\u00f3n permitir y guarda el archivo. Esto har\u00e1 que a tu navegador se le instale publicidad. No te preocupes. Solo tienes que bloquearla. Cuando te aparezca la publicidad, solo preciona el \u00abiconito de configuraci\u00f3n\u00bb de la parte superior derecha de la ventanita, y le das click en bloquear, en [&hellip;]","og_url":"https:\/\/ivector.xyz\/vectores\/como-descargar\/","og_site_name":"Ivector Plantillas","article_publisher":"https:\/\/www.facebook.com\/Ivector.online","article_modified_time":"2026-04-13T05:48:06+00:00","og_image":[{"url":"https:\/\/ivector.xyz\/public\/wp-content\/uploads\/1-1024x607.jpg","type":"","width":"","height":""}],"twitter_card":"summary_large_image","twitter_misc":{"Tiempo de lectura":"1 minuto"},"schema":{"@context":"https:\/\/schema.org","@graph":[{"@type":"WebPage","@id":"https:\/\/ivector.xyz\/vectores\/como-descargar\/","url":"https:\/\/ivector.xyz\/vectores\/como-descargar\/","name":"Descarga Vectores - Ivector Plantillas","isPartOf":{"@id":"https:\/\/ivector.xyz\/vectores\/#website"},"primaryImageOfPage":{"@id":"https:\/\/ivector.xyz\/vectores\/como-descargar\/#primaryimage"},"image":{"@id":"https:\/\/ivector.xyz\/vectores\/como-descargar\/#primaryimage"},"thumbnailUrl":"https:\/\/ivector.xyz\/public\/wp-content\/uploads\/1-1024x607.jpg","datePublished":"2020-10-21T05:49:12+00:00","dateModified":"2026-04-13T05:48:06+00:00","breadcrumb":{"@id":"https:\/\/ivector.xyz\/vectores\/como-descargar\/#breadcrumb"},"inLanguage":"es","potentialAction":[{"@type":"ReadAction","target":["https:\/\/ivector.xyz\/vectores\/como-descargar\/"]}]},{"@type":"ImageObject","inLanguage":"es","@id":"https:\/\/ivector.xyz\/vectores\/como-descargar\/#primaryimage","url":"https:\/\/ivector.xyz\/public\/wp-content\/uploads\/1-1024x607.jpg","contentUrl":"https:\/\/ivector.xyz\/public\/wp-content\/uploads\/1-1024x607.jpg"},{"@type":"BreadcrumbList","@id":"https:\/\/ivector.xyz\/vectores\/como-descargar\/#breadcrumb","itemListElement":[{"@type":"ListItem","position":1,"name":"Portada","item":"https:\/\/ivector.xyz\/vectores\/"},{"@type":"ListItem","position":2,"name":"Descarga Vectores"}]},{"@type":"WebSite","@id":"https:\/\/ivector.xyz\/vectores\/#website","url":"https:\/\/ivector.xyz\/vectores\/","name":"Vectores, plantillas y recursos premium","description":"Pack de vectores, dise\u00f1os y Plantillas para dtf, impresi\u00f3n, corte vinil y estampados","publisher":{"@id":"https:\/\/ivector.xyz\/vectores\/#organization"},"alternateName":"ivector xyz","potentialAction":[{"@type":"SearchAction","target":{"@type":"EntryPoint","urlTemplate":"https:\/\/ivector.xyz\/vectores\/?s={search_term_string}"},"query-input":{"@type":"PropertyValueSpecification","valueRequired":true,"valueName":"search_term_string"}}],"inLanguage":"es"},{"@type":"Organization","@id":"https:\/\/ivector.xyz\/vectores\/#organization","name":"Ivector xyz","alternateName":"Dise\u00f1ador de vectores","url":"https:\/\/ivector.xyz\/vectores\/","logo":{"@type":"ImageObject","inLanguage":"es","@id":"https:\/\/ivector.xyz\/vectores\/#\/schema\/logo\/image\/","url":"https:\/\/i0.wp.com\/ivector.xyz\/vectores\/wp-content\/uploads\/2020\/05\/cropped-cropped-ivector-logo-01-e1668708926252-1.png?fit=190%2C190&ssl=1","contentUrl":"https:\/\/i0.wp.com\/ivector.xyz\/vectores\/wp-content\/uploads\/2020\/05\/cropped-cropped-ivector-logo-01-e1668708926252-1.png?fit=190%2C190&ssl=1","width":190,"height":190,"caption":"Ivector xyz"},"image":{"@id":"https:\/\/ivector.xyz\/vectores\/#\/schema\/logo\/image\/"},"sameAs":["https:\/\/www.facebook.com\/Ivector.online","https:\/\/mx.pinterest.com\/wwwivectormx"]}]}},"jetpack_sharing_enabled":true,"jetpack-related-posts":[{"id":3779,"url":"https:\/\/ivector.xyz\/vectores\/como-editar-un-vector\/","url_meta":{"origin":3746,"position":0},"title":"EDITAR VECTORES","author":"PP_4lme1D4","date":"21 de octubre de 2020","format":false,"excerpt":"Se puede usar en camisetas, sudaderas con capucha, tazas, carteles y cualquier otra mercanc\u00eda. \u00bfC\u00f3mo editar un vector de Ivector? En primer lugar, para editar un vector es necesario utilizar un software de edici\u00f3n de vectores espec\u00edfico, como Adobe Illustrator, que es el programa est\u00e1ndar de la industria. Hay otros\u2026","rel":"","context":"Entrada similar","block_context":{"text":"Entrada similar","link":""},"img":{"alt_text":"","src":"","width":0,"height":0},"classes":[]},{"id":18626,"url":"https:\/\/ivector.xyz\/vectores\/pago-de-suscripcion\/","url_meta":{"origin":3746,"position":1},"title":"PAGO DE SUSCRIPCI\u00d3N","author":"PP_4lme1D4","date":"24 de noviembre de 2022","format":false,"excerpt":"SUSCR\u00cdBETE Y DESCARGA TODO EL CONTENIDO [pmpro_checkout] 1.- Click en el bot\u00f3n paypal 2.- Ingresa tu correo, y tu contrase\u00f1a para acceder al sitio 3.- Realiza Tu pago por Paypal","rel":"","context":"Entrada similar","block_context":{"text":"Entrada similar","link":""},"img":{"alt_text":"","src":"https:\/\/i0.wp.com\/ivector.xyz\/vectores\/wp-content\/uploads\/363358328_694895102652523_1543360070356186281_n.jpg?resize=350%2C200&ssl=1","width":350,"height":200,"srcset":"https:\/\/i0.wp.com\/ivector.xyz\/vectores\/wp-content\/uploads\/363358328_694895102652523_1543360070356186281_n.jpg?resize=350%2C200&ssl=1 1x, https:\/\/i0.wp.com\/ivector.xyz\/vectores\/wp-content\/uploads\/363358328_694895102652523_1543360070356186281_n.jpg?resize=525%2C300&ssl=1 1.5x, https:\/\/i0.wp.com\/ivector.xyz\/vectores\/wp-content\/uploads\/363358328_694895102652523_1543360070356186281_n.jpg?resize=700%2C400&ssl=1 2x"},"classes":[]},{"id":18630,"url":"https:\/\/ivector.xyz\/vectores\/niveles-de-membresia\/","url_meta":{"origin":3746,"position":2},"title":"NIVELES DE MEMBRES\u00cdA","author":"PP_4lme1D4","date":"24 de noviembre de 2022","format":false,"excerpt":"DESCARGA TODO EL CONTENIDO [pmpro_levels] VECTOR DE EJEMPLO DESCARGAR GRATIS Encuentra y descarga los vectores m\u00e1s populares de Archivos Dtf e Im\u00e1genes de gran calidad Para proyectos creativos, sin l\u00edmite de descarga. 1.- Con tu suscripci\u00f3n se activar\u00e1 un bot\u00f3n de descarga en cada dise\u00f1o. 2.- Vectores completamente editables en\u2026","rel":"","context":"Entrada similar","block_context":{"text":"Entrada similar","link":""},"img":{"alt_text":"","src":"https:\/\/i0.wp.com\/ivector.xyz\/vectores\/wp-content\/uploads\/ANATOMY-CHAMELEON-LETRAS-NEGRAS_Mesa-de-trabajo-1.jpg?resize=350%2C200","width":350,"height":200,"srcset":"https:\/\/i0.wp.com\/ivector.xyz\/vectores\/wp-content\/uploads\/ANATOMY-CHAMELEON-LETRAS-NEGRAS_Mesa-de-trabajo-1.jpg?resize=350%2C200 1x, https:\/\/i0.wp.com\/ivector.xyz\/vectores\/wp-content\/uploads\/ANATOMY-CHAMELEON-LETRAS-NEGRAS_Mesa-de-trabajo-1.jpg?resize=525%2C300 1.5x, https:\/\/i0.wp.com\/ivector.xyz\/vectores\/wp-content\/uploads\/ANATOMY-CHAMELEON-LETRAS-NEGRAS_Mesa-de-trabajo-1.jpg?resize=700%2C400 2x"},"classes":[]},{"id":15112,"url":"https:\/\/ivector.xyz\/vectores\/","url_meta":{"origin":3746,"position":3},"title":"VECTORES Y RECURSOS","author":"PP_4lme1D4","date":"3 de septiembre de 2022","format":false,"excerpt":"Vectores para sublimaci\u00f3n y DTF PREMIUM en EPS y PNG | Descarga directa !!Selecciona tu nivel y a descargar\u00a1\u00a1 Chatea con nosotros","rel":"","context":"Entrada similar","block_context":{"text":"Entrada similar","link":""},"img":{"alt_text":"","src":"https:\/\/i0.wp.com\/ivector.xyz\/vectores\/wp-content\/uploads\/ivectorindicaciones-02.jpg?resize=350%2C200","width":350,"height":200,"srcset":"https:\/\/i0.wp.com\/ivector.xyz\/vectores\/wp-content\/uploads\/ivectorindicaciones-02.jpg?resize=350%2C200 1x, https:\/\/i0.wp.com\/ivector.xyz\/vectores\/wp-content\/uploads\/ivectorindicaciones-02.jpg?resize=525%2C300 1.5x, https:\/\/i0.wp.com\/ivector.xyz\/vectores\/wp-content\/uploads\/ivectorindicaciones-02.jpg?resize=700%2C400 2x"},"classes":[]},{"id":32671,"url":"https:\/\/ivector.xyz\/vectores\/principal\/","url_meta":{"origin":3746,"position":4},"title":"Ivector &#8211; Recursos Ilimitados DTF","author":"PP_4lme1D4","date":"22 de junio de 2025","format":false,"excerpt":"\u00bfTienes dudas? Escr\u00edbenos Anterior 123 Siguiente Descarga miles de vectores editables en Illustrator desde $8 D\u00f3lares Suscr\u00edbete a Ivector Con cualquier nivel de suscripci\u00f3n podr\u00e1s descargar todo el contenido completamente editable y de alta calidad. No necesitas tener cuenta de Paypal Env\u00edanos un WhatsApp \u2705 Vectores 100% editables \u2705 Uso\u2026","rel":"","context":"Entrada similar","block_context":{"text":"Entrada similar","link":""},"img":{"alt_text":"","src":"https:\/\/i0.wp.com\/ivector.xyz\/vectores\/wp-content\/uploads\/image-1.jpg?resize=350%2C200","width":350,"height":200,"srcset":"https:\/\/i0.wp.com\/ivector.xyz\/vectores\/wp-content\/uploads\/image-1.jpg?resize=350%2C200 1x, https:\/\/i0.wp.com\/ivector.xyz\/vectores\/wp-content\/uploads\/image-1.jpg?resize=525%2C300 1.5x"},"classes":[]},{"id":15159,"url":"https:\/\/ivector.xyz\/vectores\/suscriptor\/","url_meta":{"origin":3746,"position":5},"title":"AREA DE SUSCRIPTORES","author":"PP_4lme1D4","date":"5 de septiembre de 2022","format":false,"excerpt":"SUSCR\u00cdBETE PODER DESCARGAR TODOS LOS VECTORES","rel":"","context":"Entrada similar","block_context":{"text":"Entrada similar","link":""},"img":{"alt_text":"","src":"https:\/\/i0.wp.com\/ivector.xyz\/public\/wp-content\/uploads\/cropped-FONDO1IVECTOR1-scaled-1.jpg?resize=350%2C200&ssl=1","width":350,"height":200,"srcset":"https:\/\/i0.wp.com\/ivector.xyz\/public\/wp-content\/uploads\/cropped-FONDO1IVECTOR1-scaled-1.jpg?resize=350%2C200&ssl=1 1x, https:\/\/i0.wp.com\/ivector.xyz\/public\/wp-content\/uploads\/cropped-FONDO1IVECTOR1-scaled-1.jpg?resize=525%2C300&ssl=1 1.5x, https:\/\/i0.wp.com\/ivector.xyz\/public\/wp-content\/uploads\/cropped-FONDO1IVECTOR1-scaled-1.jpg?resize=700%2C400&ssl=1 2x"},"classes":[]}],"_links":{"self":[{"href":"https:\/\/ivector.xyz\/vectores\/wp-json\/wp\/v2\/pages\/3746","targetHints":{"allow":["GET"]}}],"collection":[{"href":"https:\/\/ivector.xyz\/vectores\/wp-json\/wp\/v2\/pages"}],"about":[{"href":"https:\/\/ivector.xyz\/vectores\/wp-json\/wp\/v2\/types\/page"}],"author":[{"embeddable":true,"href":"https:\/\/ivector.xyz\/vectores\/wp-json\/wp\/v2\/users\/1"}],"replies":[{"embeddable":true,"href":"https:\/\/ivector.xyz\/vectores\/wp-json\/wp\/v2\/comments?post=3746"}],"version-history":[{"count":3,"href":"https:\/\/ivector.xyz\/vectores\/wp-json\/wp\/v2\/pages\/3746\/revisions"}],"predecessor-version":[{"id":38836,"href":"https:\/\/ivector.xyz\/vectores\/wp-json\/wp\/v2\/pages\/3746\/revisions\/38836"}],"wp:attachment":[{"href":"https:\/\/ivector.xyz\/vectores\/wp-json\/wp\/v2\/media?parent=3746"}],"curies":[{"name":"wp","href":"https:\/\/api.w.org\/{rel}","templated":true}]}}